{"id":3248,"date":"2022-04-12T15:59:25","date_gmt":"2022-04-12T15:59:25","guid":{"rendered":"https:\/\/test.electromagnetictherapy.info\/?page_id=3248"},"modified":"2022-07-26T18:04:09","modified_gmt":"2022-07-26T18:04:09","slug":"health-problems","status":"publish","type":"page","link":"https:\/\/electromagnetictherapy.info\/it\/health-problems\/","title":{"rendered":"Problemi di Salute"},"content":{"rendered":"<div class=\"wpb-content-wrapper\"><div data-vc-full-width=\"true\" data-vc-full-width-temp=\"true\" data-vc-full-width-init=\"false\" class=\"vc_row wpb_row vc_row-fluid vc_custom_1643748206848 vc_row-has-fill\"><div class=\"wpb_column vc_column_container vc_col-sm-12\"><div class=\"vc_column-inner\"><div class=\"wpb_wrapper\"><div id=\"healthproblems\" class=\"vc_row wpb_row vc_inner vc_row-fluid vc_row-o-equal-height vc_row-flex\"><div class=\"wpb_column vc_column_container vc_col-sm-12 vc_col-lg-offset-0 vc_col-lg-12 vc_col-md-offset-1 vc_col-md-10 vc_col-sm-offset-0\"><div class=\"vc_column-inner\"><div class=\"wpb_wrapper\"><div id=\"ultimate-heading-350669e3142ebede7\" class=\"uvc-heading ult-adjust-bottom-margin ultimate-heading-350669e3142ebede7 uvc-5134 accent-border-color accent-title-color\" data-hspacer=\"line_only\"  data-halign=\"center\" style=\"text-align:center\"><div class=\"uvc-main-heading ult-responsive\"  data-ultimate-target='.uvc-heading.ultimate-heading-350669e3142ebede7 h1'  data-responsive-json-new='{\"font-size\":\"desktop:40px;mobile_landscape:30px;\",\"line-height\":\"desktop:50px;mobile_landscape:40px;\"}' ><h1 style=\"--font-weight:theme;margin-bottom:15px;\">Problemi di salute<\/h1><\/div><div class=\"uvc-heading-spacer line_only\" style=\"margin-bottom:40px;height:3px;\"><span class=\"uvc-headings-line\" style=\"border-style:solid;border-bottom-width:3px;border-color:;width:150px;\"><\/span><\/div><div class=\"uvc-sub-heading ult-responsive\"  data-ultimate-target='.uvc-heading.ultimate-heading-350669e3142ebede7 .uvc-sub-heading '  data-responsive-json-new='{\"font-size\":\"\",\"line-height\":\"desktop:34px;\"}'  style=\"font-weight:normal;margin-bottom:60px;\"><\/p>\n<p style=\"text-align: justify;\"><b>E<\/b><b>I trattamenti elettromagnetici<\/b> sono utilizzati per migliorare le nostre condizioni e il nostro benessere. Il dolore causato da patologie come l'osteoartrosi, l'osteoporosi e le discopatie, sono problemi comuni per la terapia elettromagnetica. Anche ferite, fratture ossee e lesioni muscolari provocate da  attivit\u00e0 sportive fanno parte dei problemi affrontati dai fisioterapisti che raccomandano la terapia elettromagnetica.<\/p>\n<p><\/div><\/div><\/div><\/div><\/div><div class=\"wpb_column vc_column_container vc_col-sm-6 vc_col-lg-4 vc_col-md-4\"><div class=\"vc_column-inner vc_custom_1516621923314\"><div class=\"wpb_wrapper\"><div class=\"aio-icon-component  vc_custom_1656588062540  accent-border-color accent-icon-bg style_1\"><div id=\"Info-box-wrap-4753\" class=\"aio-icon-box default-icon\" style=\"\"  ><div class=\"aio-icon-default\"><div class=\"ult-just-icon-wrapper\"><div class=\"align-icon\" style=\"text-align:center;\">\n<div class=\"aio-icon-img\" style=\"font-size:100px;display:inline-block;\" >\n\t<img decoding=\"async\" class=\"img-icon\" alt=\"osteoarthritis pain relief\" src=\"https:\/\/electromagnetictherapy.info\/wp-content\/uploads\/2022\/02\/osteoarthritis.png\"\/>\n<\/div><\/div><\/div><\/div><div class=\"aio-icon-header\" ><h2 class=\"aio-icon-title ult-responsive\"  data-ultimate-target='#Info-box-wrap-4753 .aio-icon-title'  data-responsive-json-new='{\"font-size\":\"desktop:24px;\",\"line-height\":\"desktop:34px;\"}'  style=\"\">L\u2019osteoartrosi e l\u2019osteoporosi<\/h2><\/div> <!-- header --><div class=\"aio-icon-description ult-responsive\"  data-ultimate-target='#Info-box-wrap-4753 .aio-icon-description'  data-responsive-json-new='{\"font-size\":\"\",\"line-height\":\"\"}'  style=\"\"><\/p>\n<p style=\"text-align: justify;\"><b>L\u2019osteoartrosi e l\u2019osteoporosi<\/b><span style=\"font-weight: 400;\"> sono malattie legate alle ossa. Con il passare del tempo, la densit\u00e0 ossea si abbassa o la cartilagine nelle articolazioni ossee diventa pi\u00f9 debole. Ci\u00f2 pu\u00f2 accadere anche a causa di traumi. Tuttavia, quando le cellule non possono pi\u00f9 essere stimolate a riparare la matrice, il tessuto cartilagineo degenera, causando problemi irreparabili. Ma come la terapia elettromagnetica pu\u00f2 aiutare l'artrosi e l'osteoporosi?<\/span><\/p>\n<p><\/div> <!-- description --><\/div> <!-- aio-icon-box --><\/div> <!-- aio-icon-component --><style type=\"text\/css\" data-type=\"the7_shortcodes-inline-css\">#default-btn-fa0797d3e5b69fea7632341d249c7328.ico-right-side > i {\n  margin-right: 0px;\n  margin-left: 8px;\n}\n#default-btn-fa0797d3e5b69fea7632341d249c7328 > i {\n  margin-right: 8px;\n}<\/style><a href=\"https:\/\/electromagnetictherapy.info\/it\/osteoarthritis-2\/\" class=\"default-btn-shortcode dt-btn dt-btn-s link-hover-off btn-inline-left  vc_custom_1651332173966\" id=\"default-btn-fa0797d3e5b69fea7632341d249c7328\" title=\"Osteoartrite\"><span>Scopri di pi\u00f9<\/span><\/a><\/div><\/div><\/div><div class=\"wpb_column vc_column_container vc_col-sm-6 vc_col-lg-4 vc_col-md-4\"><div class=\"vc_column-inner vc_custom_1516621943082\"><div class=\"wpb_wrapper\"><div class=\"aio-icon-component  vc_custom_1656588070446  accent-border-color accent-icon-bg style_1\"><div id=\"Info-box-wrap-7578\" class=\"aio-icon-box default-icon\" style=\"\"  ><div class=\"aio-icon-default\"><div class=\"ult-just-icon-wrapper\"><div class=\"align-icon\" style=\"text-align:center;\">\n<div class=\"aio-icon-img\" style=\"font-size:100px;display:inline-block;\" >\n\t<img decoding=\"async\" class=\"img-icon\" alt=\"vertebral disc malfunctions\" src=\"https:\/\/electromagnetictherapy.info\/wp-content\/uploads\/2022\/02\/disc-conditions.png\"\/>\n<\/div><\/div><\/div><\/div><div class=\"aio-icon-header\" ><h2 class=\"aio-icon-title ult-responsive\"  data-ultimate-target='#Info-box-wrap-7578 .aio-icon-title'  data-responsive-json-new='{\"font-size\":\"desktop:24px;\",\"line-height\":\"desktop:34px;\"}'  style=\"\">La discopatia<\/h2><\/div> <!-- header --><div class=\"aio-icon-description ult-responsive\"  data-ultimate-target='#Info-box-wrap-7578 .aio-icon-description'  data-responsive-json-new='{\"font-size\":\"\",\"line-height\":\"\"}'  style=\"\"><\/p>\n<p style=\"text-align: justify;\"><b>La discopatia <\/b>si verifica quando i dischi sono indeboliti, rotti o fuori asse . La disidratazione discale dovuta all'invecchiamento,  le attivit\u00e0 quotidiane, gli sport e i traumi possono contribuire a questa malattia. I sintomi potrebbero essere mal di schiena, intorpidimento e sensibilit\u00e0 alla schiena ...ecc. Ma come la terapia elettromagnetica aiuta la discopatia?<\/p>\n<p><\/div> <!-- description --><\/div> <!-- aio-icon-box --><\/div> <!-- aio-icon-component --><style type=\"text\/css\" data-type=\"the7_shortcodes-inline-css\">#default-btn-239aae7094a28f529352c86aa3b874fe.ico-right-side > i {\n  margin-right: 0px;\n  margin-left: 8px;\n}\n#default-btn-239aae7094a28f529352c86aa3b874fe > i {\n  margin-right: 8px;\n}<\/style><a href=\"https:\/\/electromagnetictherapy.info\/it\/disc-conditions-2\/\" class=\"default-btn-shortcode dt-btn dt-btn-s link-hover-off anchor-link btn-inline-left  vc_custom_1651332223041\" id=\"default-btn-239aae7094a28f529352c86aa3b874fe\" title=\"La discopatia\"><span>Scopri di pi\u00f9<\/span><\/a><\/div><\/div><\/div><div class=\"wpb_column vc_column_container vc_col-sm-6 vc_col-lg-4 vc_col-md-4\"><div class=\"vc_column-inner vc_custom_1516621959442\"><div class=\"wpb_wrapper\"><div class=\"aio-icon-component  vc_custom_1656588085583  accent-border-color accent-icon-bg style_1\"><div id=\"Info-box-wrap-6963\" class=\"aio-icon-box default-icon\" style=\"\"  ><div class=\"aio-icon-default\"><div class=\"ult-just-icon-wrapper\"><div class=\"align-icon\" style=\"text-align:center;\">\n<div class=\"aio-icon-img\" style=\"font-size:100px;display:inline-block;\" >\n\t<img decoding=\"async\" class=\"img-icon\" alt=\"wound healing\" src=\"https:\/\/electromagnetictherapy.info\/wp-content\/uploads\/2022\/02\/wound-healing.png\"\/>\n<\/div><\/div><\/div><\/div><div class=\"aio-icon-header\" ><h2 class=\"aio-icon-title ult-responsive\"  data-ultimate-target='#Info-box-wrap-6963 .aio-icon-title'  data-responsive-json-new='{\"font-size\":\"desktop:24px;\",\"line-height\":\"desktop:34px;\"}'  style=\"\">La guarigione delle ferite<\/h2><\/div> <!-- header --><div class=\"aio-icon-description ult-responsive\"  data-ultimate-target='#Info-box-wrap-6963 .aio-icon-description'  data-responsive-json-new='{\"font-size\":\"\",\"line-height\":\"\"}'  style=\"\"><\/p>\n<p style=\"text-align: justify;\"><strong>La guarigione delle ferite<\/strong> \u00e8 un processo biologico che consiste nella sostituzione di strati di tessuti morti e mancanti. Pi\u00f9 veloce \u00e8 l'intervento, pi\u00f9 veloce \u00e8 il processo di guarigione. Il tessuto potrebbe non essere in grado di recuperare, ecco perch\u00e9 gli scienziati hanno trovato il modo di stimolare il processo di recupero. Ma in che modo la terapia elettromagnetica aiuta nella guarigione delle ferite?<\/p>\n<p><\/div> <!-- description --><\/div> <!-- aio-icon-box --><\/div> <!-- aio-icon-component --><style type=\"text\/css\" data-type=\"the7_shortcodes-inline-css\">#default-btn-c3a87685abe7c6d02cc246bb476878f5.ico-right-side > i {\n  margin-right: 0px;\n  margin-left: 8px;\n}\n#default-btn-c3a87685abe7c6d02cc246bb476878f5 > i {\n  margin-right: 8px;\n}<\/style><a href=\"https:\/\/electromagnetictherapy.info\/it\/wound-healing-2\/\" class=\"default-btn-shortcode dt-btn dt-btn-s link-hover-off btn-inline-left  vc_custom_1651332238157\" id=\"default-btn-c3a87685abe7c6d02cc246bb476878f5\" title=\"La guarigione delle ferite\"><span>Scopri di pi\u00f9<\/span><\/a><\/div><\/div><\/div><div class=\"wpb_column vc_column_container vc_col-sm-6 vc_col-lg-4 vc_col-md-4\"><div class=\"vc_column-inner vc_custom_1516621953145\"><div class=\"wpb_wrapper\"><div class=\"aio-icon-component  vc_custom_1656588093149  accent-border-color accent-icon-bg style_1\"><div id=\"Info-box-wrap-6127\" class=\"aio-icon-box default-icon\" style=\"\"  ><div class=\"aio-icon-default\"><div class=\"ult-just-icon-wrapper\"><div class=\"align-icon\" style=\"text-align:center;\">\n<div class=\"aio-icon-img\" style=\"font-size:100px;display:inline-block;\" >\n\t<img decoding=\"async\" class=\"img-icon\" alt=\"sport injuries healing\" src=\"https:\/\/electromagnetictherapy.info\/wp-content\/uploads\/2022\/02\/sport-injuries.png\"\/>\n<\/div><\/div><\/div><\/div><div class=\"aio-icon-header\" ><h2 class=\"aio-icon-title ult-responsive\"  data-ultimate-target='#Info-box-wrap-6127 .aio-icon-title'  data-responsive-json-new='{\"font-size\":\"desktop:24px;\",\"line-height\":\"desktop:34px;\"}'  style=\"\">Gli infortuni sportivi<\/h2><\/div> <!-- header --><div class=\"aio-icon-description ult-responsive\"  data-ultimate-target='#Info-box-wrap-6127 .aio-icon-description'  data-responsive-json-new='{\"font-size\":\"\",\"line-height\":\"\"}'  style=\"\"><\/p>\n<p style=\"text-align: justify;\"><b>Gli infortuni sportivi <\/b>sono solitamente causati da una forza diretta applicata, ma che \u00e8 maggiore pi\u00fa di quanto la parte del corpo possa resistere. Le piccole lesioni sono spesso sottovalutate, ma se non trattate con attenzione, la lesione pu\u00f2 peggiorare o richiedere pi\u00f9 tempo per recuperare. Ma come pu\u00f2 la terapia elettromagnetica aiutare negli infortuni sportivi?<\/p>\n<p><\/div> <!-- description --><\/div> <!-- aio-icon-box --><\/div> <!-- aio-icon-component --><style type=\"text\/css\" data-type=\"the7_shortcodes-inline-css\">#default-btn-46ba5aa39c17227a08f6371fcfff229e.ico-right-side > i {\n  margin-right: 0px;\n  margin-left: 8px;\n}\n#default-btn-46ba5aa39c17227a08f6371fcfff229e > i {\n  margin-right: 8px;\n}<\/style><a href=\"https:\/\/electromagnetictherapy.info\/it\/sports-injuries\/\" class=\"default-btn-shortcode dt-btn dt-btn-s link-hover-off btn-inline-left  vc_custom_1651332253484\" id=\"default-btn-46ba5aa39c17227a08f6371fcfff229e\" title=\"Gli infortuni sportivi\"><span>Scopri di pi\u00f9<\/span><\/a><\/div><\/div><\/div><div class=\"wpb_column vc_column_container vc_col-sm-6 vc_col-lg-4 vc_col-md-4\"><div class=\"vc_column-inner vc_custom_1516621969242\"><div class=\"wpb_wrapper\"><div class=\"aio-icon-component  vc_custom_1656588101717  accent-border-color accent-icon-bg style_1\"><div id=\"Info-box-wrap-6671\" class=\"aio-icon-box default-icon\" style=\"\"  ><div class=\"aio-icon-default\"><div class=\"ult-just-icon-wrapper\"><div class=\"align-icon\" style=\"text-align:center;\">\n<div class=\"aio-icon-img\" style=\"font-size:100px;display:inline-block;\" >\n\t<img decoding=\"async\" class=\"img-icon\" alt=\"wellnes and mental health relief\" src=\"https:\/\/electromagnetictherapy.info\/wp-content\/uploads\/2022\/02\/mental-health-and-wellness.png\"\/>\n<\/div><\/div><\/div><\/div><div class=\"aio-icon-header\" ><h2 class=\"aio-icon-title ult-responsive\"  data-ultimate-target='#Info-box-wrap-6671 .aio-icon-title'  data-responsive-json-new='{\"font-size\":\"desktop:24px;\",\"line-height\":\"desktop:34px;\"}'  style=\"\">Benessere generale e fitness<\/h2><\/div> <!-- header --><div class=\"aio-icon-description ult-responsive\"  data-ultimate-target='#Info-box-wrap-6671 .aio-icon-description'  data-responsive-json-new='{\"font-size\":\"\",\"line-height\":\"\"}'  style=\"\"><\/p>\n<p style=\"text-align: justify;\"><b>Il benessere<\/b> \u00e8 uno  stato complessivo di buona salute fisica, psichica e mentale che deriva da una vita equilibrata. La maggior parte di noi \u00e8 consapevole dei fondamenti per ottenere e rimanere in salute, ma tralasciamo l'aspetto importante del benessere sostenibile a lungo termine: come migliorare la naturale capacit\u00e0 del nostro corpo di guarire? Come la terapia elettromagnetica aiuta il nostro corpo a ritrovare il benessere?...<\/p>\n<p><\/div> <!-- description --><\/div> <!-- aio-icon-box --><\/div> <!-- aio-icon-component --><style type=\"text\/css\" data-type=\"the7_shortcodes-inline-css\">#default-btn-0144b44c58e410d589ff1facee291edb.ico-right-side > i {\n  margin-right: 0px;\n  margin-left: 8px;\n}\n#default-btn-0144b44c58e410d589ff1facee291edb > i {\n  margin-right: 8px;\n}<\/style><a href=\"https:\/\/electromagnetictherapy.info\/it\/wellness-and-fitness\/\" class=\"default-btn-shortcode dt-btn dt-btn-s link-hover-off btn-inline-left  vc_custom_1651332288252\" id=\"default-btn-0144b44c58e410d589ff1facee291edb\" title=\"Benessere generale e fitness\"><span>Scopri di pi\u00f9<\/span><\/a><\/div><\/div><\/div><div class=\"wpb_column vc_column_container vc_col-sm-6 vc_col-lg-4 vc_col-md-4\"><div class=\"vc_column-inner vc_custom_1516621932071\"><div class=\"wpb_wrapper\"><div class=\"aio-icon-component  vc_custom_1656588113500  accent-border-color accent-icon-bg style_1\"><div id=\"Info-box-wrap-4706\" class=\"aio-icon-box default-icon\" style=\"\"  ><div class=\"aio-icon-default\"><div class=\"ult-just-icon-wrapper\"><div class=\"align-icon\" style=\"text-align:center;\">\n<div class=\"aio-icon-img\" style=\"font-size:100px;display:inline-block;\" >\n\t<img decoding=\"async\" class=\"img-icon\" alt=\"osteoporosis pain relief\" src=\"https:\/\/electromagnetictherapy.info\/wp-content\/uploads\/2022\/02\/osteoporosis.png\"\/>\n<\/div><\/div><\/div><\/div><div class=\"aio-icon-header\" ><h2 class=\"aio-icon-title ult-responsive\"  data-ultimate-target='#Info-box-wrap-4706 .aio-icon-title'  data-responsive-json-new='{\"font-size\":\"desktop:24px;\",\"line-height\":\"desktop:34px;\"}'  style=\"\">Servizio veterinario<\/h2><\/div> <!-- header --><div class=\"aio-icon-description ult-responsive\"  data-ultimate-target='#Info-box-wrap-4706 .aio-icon-description'  data-responsive-json-new='{\"font-size\":\"\",\"line-height\":\"\"}'  style=\"\"><\/p>\n<p style=\"text-align: justify;\"><span style=\"font-weight: 400;\"><b>La terapia elettromagnetica veterinaria <\/b>\u00e8 perfetta per alleviare il dolore, come dolori muscolari, lesioni ossee ... ecc. Quando i nostri animali domestici fanno male, non riusciamo a distinguere da dove proviene il dolore. La terapia elettromagnetica veterinaria aumenta il flusso sanguigno e stimola le cellule a rigenerarsi, riportand...<\/span><\/p>\n<p><\/div> <!-- description --><\/div> <!-- aio-icon-box --><\/div> <!-- aio-icon-component --><style type=\"text\/css\" data-type=\"the7_shortcodes-inline-css\">#default-btn-8afd13042fa799d7ff63060577f454d1.ico-right-side > i {\n  margin-right: 0px;\n  margin-left: 8px;\n}\n#default-btn-8afd13042fa799d7ff63060577f454d1 > i {\n  margin-right: 8px;\n}<\/style><a href=\"https:\/\/electromagnetictherapy.info\/it\/veterinary-services\/\" class=\"default-btn-shortcode dt-btn dt-btn-s link-hover-off anchor-link btn-inline-left  vc_custom_1651332305924\" id=\"default-btn-8afd13042fa799d7ff63060577f454d1\" title=\"Servizi Veterinari\"><span>Scopri di pi\u00f9<\/span><\/a><\/div><\/div><\/div><\/div><\/div><\/div><\/div><\/div><div class=\"vc_row-full-width vc_clearfix\"><\/div><!-- Row Backgrounds --><div class=\"upb_color\" data-bg-override=\"0\" data-bg-color=\"\" data-fadeout=\"\" data-fadeout-percentage=\"30\" data-parallax-content=\"\" data-parallax-content-sense=\"30\" data-row-effect-mobile-disable=\"true\" data-img-parallax-mobile-disable=\"true\" data-rtl=\"false\"  data-custom-vc-row=\"\"  data-vc=\"8.7.2\"  data-is_old_vc=\"\"  data-theme-support=\"\"   data-overlay=\"false\" data-overlay-color=\"\" data-overlay-pattern=\"\" data-overlay-pattern-opacity=\"\" data-overlay-pattern-size=\"\"    ><\/div><div class=\"vc_row wpb_row vc_row-fluid\"><div class=\"wpb_column vc_column_container vc_col-sm-12\"><div class=\"vc_column-inner\"><div class=\"wpb_wrapper\"><div class=\"vc_empty_space\"   style=\"height: 32px\"><span class=\"vc_empty_space_inner\"><\/span><\/div><\/div><\/div><\/div><\/div>\n<\/div>","protected":false},"excerpt":{"rendered":"<p>HEALTH PROBLEMS Electromagnetic treatments are used to improve our conditions and well-being. The pain caused by conditions such as osteoarthritis, osteoporosis and disc conditions, are common issues for the Electromagnetic therapy. Also wounds, bone fractures and muscle injuries from various sports activities are part of the problems faced by physiotherapists who recommend the Electromagnetic Therapy.&hellip;<\/p>","protected":false},"author":2,"featured_media":0,"parent":0,"menu_order":0,"comment_status":"closed","ping_status":"closed","template":"","meta":{"footnotes":""},"class_list":["post-3248","page","type-page","status-publish","hentry","description-off"],"yoast_head":"<!-- This site is optimized with the Yoast SEO plugin v27.4 - https:\/\/yoast.com\/product\/yoast-seo-wordpress\/ -->\n<title>Health Problems - Electromagnetic Therapy - Click to see more!<\/title>\n<meta name=\"description\" content=\"Improve your overall health with Electromagnetic Therapy, effective treatment for conditions like osteoarthritis, osteoporosis, disc conditions... Click to learn more!\" \/>\n<meta name=\"robots\" content=\"index, follow, max-snippet:-1, max-image-preview:large, max-video-preview:-1\" \/>\n<link rel=\"canonical\" href=\"https:\/\/electromagnetictherapy.info\/it\/health-problems\/\" \/>\n<meta property=\"og:locale\" content=\"it_IT\" \/>\n<meta property=\"og:type\" content=\"article\" \/>\n<meta property=\"og:title\" content=\"Health Problems - Electromagnetic Therapy - Click to see more!\" \/>\n<meta property=\"og:description\" content=\"Improve your overall health with Electromagnetic Therapy, effective treatment for conditions like osteoarthritis, osteoporosis, disc conditions... Click to learn more!\" \/>\n<meta property=\"og:url\" content=\"https:\/\/electromagnetictherapy.info\/it\/health-problems\/\" \/>\n<meta property=\"og:site_name\" content=\"Electromagnetic Therapy\" \/>\n<meta property=\"article:modified_time\" content=\"2022-07-26T18:04:09+00:00\" \/>\n<meta name=\"twitter:card\" content=\"summary_large_image\" \/>\n<meta name=\"twitter:label1\" content=\"Tempo di lettura stimato\" \/>\n\t<meta name=\"twitter:data1\" content=\"3 minuti\" \/>\n<script type=\"application\/ld+json\" class=\"yoast-schema-graph\">{\"@context\":\"https:\\\/\\\/schema.org\",\"@graph\":[{\"@type\":\"WebPage\",\"@id\":\"https:\\\/\\\/electromagnetictherapy.info\\\/health-problems\\\/\",\"url\":\"https:\\\/\\\/electromagnetictherapy.info\\\/health-problems\\\/\",\"name\":\"Health Problems - Electromagnetic Therapy - Click to see more!\",\"isPartOf\":{\"@id\":\"https:\\\/\\\/electromagnetictherapy.info\\\/#website\"},\"datePublished\":\"2022-04-12T15:59:25+00:00\",\"dateModified\":\"2022-07-26T18:04:09+00:00\",\"description\":\"Improve your overall health with Electromagnetic Therapy, effective treatment for conditions like osteoarthritis, osteoporosis, disc conditions... Click to learn more!\",\"breadcrumb\":{\"@id\":\"https:\\\/\\\/electromagnetictherapy.info\\\/health-problems\\\/#breadcrumb\"},\"inLanguage\":\"it-IT\",\"potentialAction\":[{\"@type\":\"ReadAction\",\"target\":[\"https:\\\/\\\/electromagnetictherapy.info\\\/health-problems\\\/\"]}]},{\"@type\":\"BreadcrumbList\",\"@id\":\"https:\\\/\\\/electromagnetictherapy.info\\\/health-problems\\\/#breadcrumb\",\"itemListElement\":[{\"@type\":\"ListItem\",\"position\":1,\"name\":\"Home\",\"item\":\"https:\\\/\\\/electromagnetictherapy.info\\\/\"},{\"@type\":\"ListItem\",\"position\":2,\"name\":\"Health Problems\"}]},{\"@type\":\"WebSite\",\"@id\":\"https:\\\/\\\/electromagnetictherapy.info\\\/#website\",\"url\":\"https:\\\/\\\/electromagnetictherapy.info\\\/\",\"name\":\"Electromagnetic Therapy\",\"description\":\"\",\"potentialAction\":[{\"@type\":\"SearchAction\",\"target\":{\"@type\":\"EntryPoint\",\"urlTemplate\":\"https:\\\/\\\/electromagnetictherapy.info\\\/?s={search_term_string}\"},\"query-input\":{\"@type\":\"PropertyValueSpecification\",\"valueRequired\":true,\"valueName\":\"search_term_string\"}}],\"inLanguage\":\"it-IT\"}]}<\/script>\n<!-- \/ Yoast SEO plugin. -->","yoast_head_json":{"title":"Health Problems - Electromagnetic Therapy - Click to see more!","description":"Improve your overall health with Electromagnetic Therapy, effective treatment for conditions like osteoarthritis, osteoporosis, disc conditions... Click to learn more!","robots":{"index":"index","follow":"follow","max-snippet":"max-snippet:-1","max-image-preview":"max-image-preview:large","max-video-preview":"max-video-preview:-1"},"canonical":"https:\/\/electromagnetictherapy.info\/it\/health-problems\/","og_locale":"it_IT","og_type":"article","og_title":"Health Problems - Electromagnetic Therapy - Click to see more!","og_description":"Improve your overall health with Electromagnetic Therapy, effective treatment for conditions like osteoarthritis, osteoporosis, disc conditions... Click to learn more!","og_url":"https:\/\/electromagnetictherapy.info\/it\/health-problems\/","og_site_name":"Electromagnetic Therapy","article_modified_time":"2022-07-26T18:04:09+00:00","twitter_card":"summary_large_image","twitter_misc":{"Tempo di lettura stimato":"3 minuti"},"schema":{"@context":"https:\/\/schema.org","@graph":[{"@type":"WebPage","@id":"https:\/\/electromagnetictherapy.info\/health-problems\/","url":"https:\/\/electromagnetictherapy.info\/health-problems\/","name":"Health Problems - Electromagnetic Therapy - Click to see more!","isPartOf":{"@id":"https:\/\/electromagnetictherapy.info\/#website"},"datePublished":"2022-04-12T15:59:25+00:00","dateModified":"2022-07-26T18:04:09+00:00","description":"Improve your overall health with Electromagnetic Therapy, effective treatment for conditions like osteoarthritis, osteoporosis, disc conditions... Click to learn more!","breadcrumb":{"@id":"https:\/\/electromagnetictherapy.info\/health-problems\/#breadcrumb"},"inLanguage":"it-IT","potentialAction":[{"@type":"ReadAction","target":["https:\/\/electromagnetictherapy.info\/health-problems\/"]}]},{"@type":"BreadcrumbList","@id":"https:\/\/electromagnetictherapy.info\/health-problems\/#breadcrumb","itemListElement":[{"@type":"ListItem","position":1,"name":"Home","item":"https:\/\/electromagnetictherapy.info\/"},{"@type":"ListItem","position":2,"name":"Health Problems"}]},{"@type":"WebSite","@id":"https:\/\/electromagnetictherapy.info\/#website","url":"https:\/\/electromagnetictherapy.info\/","name":"LA TERAPIA ELETTROMAGNETICA","description":"","potentialAction":[{"@type":"SearchAction","target":{"@type":"EntryPoint","urlTemplate":"https:\/\/electromagnetictherapy.info\/?s={search_term_string}"},"query-input":{"@type":"PropertyValueSpecification","valueRequired":true,"valueName":"search_term_string"}}],"inLanguage":"it-IT"}]}},"_links":{"self":[{"href":"https:\/\/electromagnetictherapy.info\/it\/wp-json\/wp\/v2\/pages\/3248","targetHints":{"allow":["GET"]}}],"collection":[{"href":"https:\/\/electromagnetictherapy.info\/it\/wp-json\/wp\/v2\/pages"}],"about":[{"href":"https:\/\/electromagnetictherapy.info\/it\/wp-json\/wp\/v2\/types\/page"}],"author":[{"embeddable":true,"href":"https:\/\/electromagnetictherapy.info\/it\/wp-json\/wp\/v2\/users\/2"}],"replies":[{"embeddable":true,"href":"https:\/\/electromagnetictherapy.info\/it\/wp-json\/wp\/v2\/comments?post=3248"}],"version-history":[{"count":5,"href":"https:\/\/electromagnetictherapy.info\/it\/wp-json\/wp\/v2\/pages\/3248\/revisions"}],"predecessor-version":[{"id":3828,"href":"https:\/\/electromagnetictherapy.info\/it\/wp-json\/wp\/v2\/pages\/3248\/revisions\/3828"}],"wp:attachment":[{"href":"https:\/\/electromagnetictherapy.info\/it\/wp-json\/wp\/v2\/media?parent=3248"}],"curies":[{"name":"wp","href":"https:\/\/api.w.org\/{rel}","templated":true}]}}